{"id":29,"date":"2021-06-02T14:00:14","date_gmt":"2021-06-02T12:00:14","guid":{"rendered":"https:\/\/recursos.ooteca.artedra.net\/?page_id=29"},"modified":"2021-10-14T11:40:00","modified_gmt":"2021-10-14T09:40:00","slug":"index-de-tasques","status":"publish","type":"page","link":"https:\/\/recursos.ooteca.artedra.net\/?page_id=29","title":{"rendered":"Index de tasques"},"content":{"rendered":"\n<p><\/p>\n\n\n\n<p>Cada punt ser\u00e0<code> <\/code>un post.<\/p>\n\n\n\n<p>LLISTA:<\/p>\n\n\n\n<p><span class=\"has-inline-color has-medium-pink-color\"><strong>1 . Introducci\u00f3 (Jaume)<\/strong><\/span><br><span class=\"has-inline-color has-medium-pink-color\"><strong>2. Login (Marta)<\/strong><\/span><br><strong><span class=\"has-inline-color has-medium-pink-color\">3. P\u00e0gina principal (Marta)<\/span><\/strong><br><strong><span class=\"has-inline-color has-medium-pink-color\">4. Taulers (Marta)<\/span><\/strong><br><strong><span class=\"has-inline-color has-medium-pink-color\">4.1. Tauler usuari (Marta)<\/span><\/strong><br><strong><span class=\"has-inline-color has-medium-pink-color\">4.2. Tauler de curs (Jaume)<\/span><\/strong><br><strong><span class=\"has-inline-color has-medium-pink-color\">5. Accions principal doc\u00e8ncia (text introductori) (Jaume)<\/span><\/strong><br><strong><span style=\"color:red;\"><span class=\"has-inline-color has-medium-pink-color\">5.1. Com col\u00b7locar recursos i activitats en les seccions (Jaume)<\/span><\/span><br><span style=\"color:red;\"><span class=\"has-inline-color has-medium-pink-color\">5.2. Penjar i recollir activitats docents (Jaume)<\/span><\/span><br><span style=\"color:red;\"><span class=\"has-inline-color has-medium-pink-color\">5.3. Comunicaci\u00f3 amb l&#8217;estudiant (Jaume) <\/span><\/span><\/strong><br><strong><span class=\"has-inline-color has-medium-pink-color\">5.4. Agrupament (admin) i grups (professorat) (Marta)<\/span><\/strong><br><span class=\"has-inline-color has-medium-pink-color\"><strong>5.5. Qualificar (Marta)<\/strong> <strong>+ 5.5.1+ 5.5.2+ 5.5.3+ 5.5.4<\/strong><\/span><br><span class=\"has-inline-color has-medium-pink-color\"><strong>6. Recursos professorat<\/strong> <strong>(Jaume)<\/strong><\/span><br>7. Altres<br><strong><span class=\"has-inline-color has-medium-pink-color\">7.1. Men\u00fa superior (Marta)<\/span><\/strong><br><span class=\"has-inline-color has-medium-pink-color\"><strong>7.2. Calendari i esdeveniments (Jaume)<\/strong><\/span><br><strong><span class=\"has-inline-color has-medium-pink-color\">7.3. Fitxers privats (Marta)<\/span><\/strong><\/p>\n\n\n\n<p>FAQS<br><span class=\"has-inline-color has-medium-pink-color\"><strong>Com treballar 2 docents compartint el mateix curs de Moodle?<\/strong><\/span><br><span class=\"has-inline-color has-medium-pink-color\"><strong>Com configurar una TASCA amb entrega per grups?<\/strong><\/span><br><span class=\"has-inline-color has-medium-pink-color\"><strong>Com calcular la nota final d&#8217;un curs moodle a partir del % de cada tasca?<\/strong><\/span><br><span class=\"has-inline-color has-medium-pink-color\"><strong>Qu\u00e8 faig si oblido la clau d&#8217;acc\u00e9s?<\/strong><\/span><br><strong><span class=\"has-inline-color has-medium-pink-color\">Com crear esdeveniments de curs?<\/span><\/strong><br><strong><span class=\"has-inline-color has-medium-pink-color\">Com crear esdeveniments globals?<\/span><\/strong><br><strong><span class=\"has-inline-color has-medium-pink-color\">Com descarregar les notes de les tasques dins d\u2019un curs moodle? (Marta)<\/span><\/strong><br><strong><span class=\"has-inline-color has-medium-pink-color\">Com descarregar totes les trameses d&#8217;una tasca dins d&#8217;un curs moodle?<\/span><\/strong><br><br><br><\/p>\n","protected":false},"excerpt":{"rendered":"<p>Cada punt ser\u00e0 un post. LLISTA: 1 . Introducci\u00f3 (Jaume)2. Login (Marta)3. P\u00e0gina principal (Marta)4. Taulers (Marta)4.1. Tauler usuari (Marta)4.2. Tauler de curs (Jaume)5. Accions principal doc\u00e8ncia (text introductori) (Jaume)5.1. Com col\u00b7locar recursos i activitats en les seccions (Jaume)5.2. Penjar i recollir activitats docents (Jaume)5.3. Comunicaci\u00f3 amb l&#8217;estudiant (Jaume) 5.4. Agrupament (admin) i grups (professorat) &hellip; <a href=\"https:\/\/recursos.ooteca.artedra.net\/?page_id=29\" class=\"more-link\">Continua la lectura de <span class=\"screen-reader-text\">Index de tasques<\/span><\/a><\/p>\n","protected":false},"author":1,"featured_media":0,"parent":0,"menu_order":0,"comment_status":"closed","ping_status":"closed","template":"","meta":[],"_links":{"self":[{"href":"https:\/\/recursos.ooteca.artedra.net\/index.php?rest_route=\/wp\/v2\/pages\/29"}],"collection":[{"href":"https:\/\/recursos.ooteca.artedra.net\/index.php?rest_route=\/wp\/v2\/pages"}],"about":[{"href":"https:\/\/recursos.ooteca.artedra.net\/index.php?rest_route=\/wp\/v2\/types\/page"}],"author":[{"embeddable":true,"href":"https:\/\/recursos.ooteca.artedra.net\/index.php?rest_route=\/wp\/v2\/users\/1"}],"replies":[{"embeddable":true,"href":"https:\/\/recursos.ooteca.artedra.net\/index.php?rest_route=%2Fwp%2Fv2%2Fcomments&post=29"}],"version-history":[{"count":40,"href":"https:\/\/recursos.ooteca.artedra.net\/index.php?rest_route=\/wp\/v2\/pages\/29\/revisions"}],"predecessor-version":[{"id":625,"href":"https:\/\/recursos.ooteca.artedra.net\/index.php?rest_route=\/wp\/v2\/pages\/29\/revisions\/625"}],"wp:attachment":[{"href":"https:\/\/recursos.ooteca.artedra.net\/index.php?rest_route=%2Fwp%2Fv2%2Fmedia&parent=29"}],"curies":[{"name":"wp","href":"https:\/\/api.w.org\/{rel}","templated":true}]}}